{"id":14,"date":"2022-07-23T12:02:50","date_gmt":"2022-07-23T12:02:50","guid":{"rendered":"http:\/\/www.rauleasencio.com\/?page_id=14"},"modified":"2023-06-24T19:29:21","modified_gmt":"2023-06-24T19:29:21","slug":"sobre-mi","status":"publish","type":"page","link":"https:\/\/www.rauleasencio.com\/index.php\/sobre-mi\/","title":{"rendered":"bio"},"content":{"rendered":"<div class=\"wp-block-image\">\n<figure class=\"alignleft size-large is-resized\"><img loading=\"lazy\" decoding=\"async\" src=\"https:\/\/www.rauleasencio.com\/wp-content\/uploads\/2023\/06\/E21B4890-819x1024.jpg\" alt=\"\" class=\"wp-image-214\" width=\"458\" height=\"572\" srcset=\"https:\/\/www.rauleasencio.com\/wp-content\/uploads\/2023\/06\/E21B4890-819x1024.jpg 819w, https:\/\/www.rauleasencio.com\/wp-content\/uploads\/2023\/06\/E21B4890-240x300.jpg 240w, https:\/\/www.rauleasencio.com\/wp-content\/uploads\/2023\/06\/E21B4890-768x960.jpg 768w, https:\/\/www.rauleasencio.com\/wp-content\/uploads\/2023\/06\/E21B4890-1229x1536.jpg 1229w, https:\/\/www.rauleasencio.com\/wp-content\/uploads\/2023\/06\/E21B4890-1638x2048.jpg 1638w, https:\/\/www.rauleasencio.com\/wp-content\/uploads\/2023\/06\/E21B4890-scaled.jpg 2048w\" sizes=\"auto, (max-width: 458px) 100vw, 458px\" \/><\/figure>\n<\/div>\n\n\n<p>Nac\u00ed en 1993 en Aspe. <span style=\"box-sizing: border-box; font-weight: bolder;\">Edito y escribo<\/span><span lang=\"ES-TRAD\" style=\"box-sizing: border-box;\">. Coordino el sello La Caja Books; he escrito <em>A la espera <\/em>(<\/span>Pre-Textos, 2023) y <em>Horizonte de sucesos<\/em> (Editorial Complutense, 2021). <span lang=\"ES-TRAD\" style=\"box-sizing: border-box;\">Me doctor\u00e9 en la Universidad Complutense de Madrid con una tesis sobre la poes\u00eda de Jos\u00e9 Jim\u00e9nez Lozano y he impartido clases de t\u00e9cnicas narrativas en el m\u00e1ster de Escritura Creativa de la UNIR. <\/span><\/p>\n","protected":false},"excerpt":{"rendered":"<p>Nac\u00ed en 1993 en Aspe. Edito y escribo. Coordino el sello La Caja Books; he escrito A la espera (Pre-Textos, 2023) y Horizonte de sucesos (Editorial Complutense, 2021). Me doctor\u00e9 en la Universidad Complutense de Madrid con una tesis sobre la poes\u00eda de Jos\u00e9 Jim\u00e9nez Lozano y he impartido clases de t\u00e9cnicas narrativas en el [&hellip;]<\/p>\n","protected":false},"author":1,"featured_media":0,"parent":0,"menu_order":0,"comment_status":"closed","ping_status":"closed","template":"","meta":{"footnotes":""},"class_list":["post-14","page","type-page","status-publish","hentry"],"_links":{"self":[{"href":"https:\/\/www.rauleasencio.com\/index.php\/wp-json\/wp\/v2\/pages\/14","targetHints":{"allow":["GET"]}}],"collection":[{"href":"https:\/\/www.rauleasencio.com\/index.php\/wp-json\/wp\/v2\/pages"}],"about":[{"href":"https:\/\/www.rauleasencio.com\/index.php\/wp-json\/wp\/v2\/types\/page"}],"author":[{"embeddable":true,"href":"https:\/\/www.rauleasencio.com\/index.php\/wp-json\/wp\/v2\/users\/1"}],"replies":[{"embeddable":true,"href":"https:\/\/www.rauleasencio.com\/index.php\/wp-json\/wp\/v2\/comments?post=14"}],"version-history":[{"count":4,"href":"https:\/\/www.rauleasencio.com\/index.php\/wp-json\/wp\/v2\/pages\/14\/revisions"}],"predecessor-version":[{"id":216,"href":"https:\/\/www.rauleasencio.com\/index.php\/wp-json\/wp\/v2\/pages\/14\/revisions\/216"}],"wp:attachment":[{"href":"https:\/\/www.rauleasencio.com\/index.php\/wp-json\/wp\/v2\/media?parent=14"}],"curies":[{"name":"wp","href":"https:\/\/api.w.org\/{rel}","templated":true}]}}